{"id":2080,"date":"2024-12-13T17:11:35","date_gmt":"2024-12-13T17:11:35","guid":{"rendered":"https:\/\/rgminer.com.br\/site\/?page_id=2080"},"modified":"2025-07-15T17:24:45","modified_gmt":"2025-07-15T17:24:45","slug":"noticias","status":"publish","type":"page","link":"https:\/\/rgminer.com.br\/site\/noticias\/","title":{"rendered":"Not\u00edcias"},"content":{"rendered":"\t\t<div data-elementor-type=\"wp-page\" data-elementor-id=\"2080\" class=\"elementor elementor-2080\" data-elementor-post-type=\"page\">\n\t\t\t\t<div class=\"elementor-element elementor-element-f567112 e-con-full e-flex e-con e-parent\" data-id=\"f567112\" data-element_type=\"container\">\n\t\t<div class=\"elementor-element elementor-element-3b4bbf2 e-con-full elementor-hidden-mobile e-flex e-con e-child\" data-id=\"3b4bbf2\" data-element_type=\"container\" data-settings=\"{&quot;background_background&quot;:&quot;classic&quot;}\">\n\t\t\t\t<\/div>\n\t\t<div class=\"elementor-element elementor-element-3ac737e e-con-full e-flex e-con e-child\" data-id=\"3ac737e\" data-element_type=\"container\">\n\t\t\t\t<div class=\"elementor-element elementor-element-3675946 elementor-widget elementor-widget-text-editor\" data-id=\"3675946\" data-element_type=\"widget\" data-widget_type=\"text-editor.default\">\n\t\t\t\t<div class=\"elementor-widget-container\">\n\t\t\t\t\t\t\t\t\t<p style=\"font-weight: 400;\"><strong>Not\u00edcias<\/strong><\/p>\t\t\t\t\t\t\t\t<\/div>\n\t\t\t\t<\/div>\n\t\t\t\t<\/div>\n\t\t\t\t<\/div>\n\t\t<div class=\"elementor-element elementor-element-b6b4a45 e-con-full e-flex e-con e-parent\" data-id=\"b6b4a45\" data-element_type=\"container\">\n\t\t\t\t<div class=\"elementor-element elementor-element-fa037fb elementor-grid-eael-col-3 elementor-widget__width-initial elementor-grid-tablet-eael-col-2 elementor-grid-mobile-eael-col-1 elementor-widget elementor-widget-eael-post-grid\" data-id=\"fa037fb\" data-element_type=\"widget\" data-settings=\"{&quot;eael_post_grid_columns&quot;:&quot;eael-col-3&quot;,&quot;eael_post_grid_columns_tablet&quot;:&quot;eael-col-2&quot;,&quot;eael_post_grid_columns_mobile&quot;:&quot;eael-col-1&quot;}\" data-widget_type=\"eael-post-grid.default\">\n\t\t\t\t<div class=\"elementor-widget-container\">\n\t\t\t\t\t<div id=\"eael-post-grid-fa037fb\" class=\"eael-post-grid-container\">\n            <div class=\"eael-post-grid eael-post-appender eael-post-appender-fa037fb eael-post-grid-style-two\" data-layout-mode=\"grid\"><article class=\"eael-grid-post eael-post-grid-column\" data-id=\"3921\">\n        <div class=\"eael-grid-post-holder\">\n            <div class=\"eael-grid-post-holder-inner\"><div class=\"eael-entry-media\"><div class=\"eael-entry-overlay fade-in\"><i class=\"\" aria-hidden=\"true\"><\/i><a href=\"https:\/\/rgminer.com.br\/site\/ajuda-humanitaria-solidariedade-em-tempos-de-urgencia\/\"><\/a><\/div><div class=\"eael-entry-thumbnail eael-image-ratio\">\n                                <img fetchpriority=\"high\" decoding=\"async\" width=\"479\" height=\"271\" src=\"https:\/\/rgminer.com.br\/site\/wp-content\/uploads\/2025\/07\/WhatsApp-Image-2025-07-10-at-13.44.44.jpeg\" class=\"attachment-full size-full wp-image-3924\" alt=\"\" srcset=\"https:\/\/rgminer.com.br\/site\/wp-content\/uploads\/2025\/07\/WhatsApp-Image-2025-07-10-at-13.44.44.jpeg 479w, https:\/\/rgminer.com.br\/site\/wp-content\/uploads\/2025\/07\/WhatsApp-Image-2025-07-10-at-13.44.44-300x170.jpeg 300w\" sizes=\"(max-width: 479px) 100vw, 479px\" \/>\n                              <\/div>\n                      <\/div><div class=\"eael-entry-wrapper\"><header class=\"eael-entry-header\"><h2 class=\"eael-entry-title\"><a class=\"eael-grid-post-link\" href=\"https:\/\/rgminer.com.br\/site\/ajuda-humanitaria-solidariedade-em-tempos-de-urgencia\/\" title=\"Ajuda humanit\u00e1ria: solidariedade em tempos de urg\u00eancia\">Ajuda humanit\u00e1ria: solidariedade em tempos de urg\u00eancia<\/a><\/h2><\/header><div class=\"eael-entry-content\">\n                                    <div class=\"eael-grid-post-excerpt\"><p>Compromisso com as pessoas que fazem parte da hist\u00f3ria e do futuro...<\/p><\/div>\n                                <\/div><div class=\"eael-entry-header-after style-two\"><div class=\"eael-entry-meta\"><span class=\"eael-meta-posted-on\"><i class=\"far fa-clock\"><\/i><time datetime=\"julho 10, 2025\">julho 10, 2025<\/time><\/span><\/div><\/div><\/div><\/div>\n        <\/div>\n    <\/article><article class=\"eael-grid-post eael-post-grid-column\" data-id=\"3919\">\n        <div class=\"eael-grid-post-holder\">\n            <div class=\"eael-grid-post-holder-inner\"><div class=\"eael-entry-media\"><div class=\"eael-entry-overlay fade-in\"><i class=\"\" aria-hidden=\"true\"><\/i><a href=\"https:\/\/rgminer.com.br\/site\/acoes-estruturantes-ampliam-o-dialogo-com-sao-jose-do-norte\/\"><\/a><\/div><div class=\"eael-entry-thumbnail eael-image-ratio\">\n                                <img decoding=\"async\" width=\"1280\" height=\"720\" src=\"https:\/\/rgminer.com.br\/site\/wp-content\/uploads\/2025\/07\/Encontro_Empresarios_Christian.jpeg\" class=\"attachment-full size-full wp-image-3925\" alt=\"\" srcset=\"https:\/\/rgminer.com.br\/site\/wp-content\/uploads\/2025\/07\/Encontro_Empresarios_Christian.jpeg 1280w, https:\/\/rgminer.com.br\/site\/wp-content\/uploads\/2025\/07\/Encontro_Empresarios_Christian-300x169.jpeg 300w, https:\/\/rgminer.com.br\/site\/wp-content\/uploads\/2025\/07\/Encontro_Empresarios_Christian-1024x576.jpeg 1024w, https:\/\/rgminer.com.br\/site\/wp-content\/uploads\/2025\/07\/Encontro_Empresarios_Christian-768x432.jpeg 768w\" sizes=\"(max-width: 1280px) 100vw, 1280px\" \/>\n                              <\/div>\n                      <\/div><div class=\"eael-entry-wrapper\"><header class=\"eael-entry-header\"><h2 class=\"eael-entry-title\"><a class=\"eael-grid-post-link\" href=\"https:\/\/rgminer.com.br\/site\/acoes-estruturantes-ampliam-o-dialogo-com-sao-jose-do-norte\/\" title=\"A\u00e7\u00f5es estruturantes ampliam o di\u00e1logo\">A\u00e7\u00f5es estruturantes ampliam o di\u00e1logo<\/a><\/h2><\/header><div class=\"eael-entry-content\">\n                                    <div class=\"eael-grid-post-excerpt\"><p>Foco no di\u00e1logo com quem vive em S\u00e3o Jos\u00e9 do Norte.<\/p><\/div>\n                                <\/div><div class=\"eael-entry-header-after style-two\"><div class=\"eael-entry-meta\"><span class=\"eael-meta-posted-on\"><i class=\"far fa-clock\"><\/i><time datetime=\"julho 10, 2025\">julho 10, 2025<\/time><\/span><\/div><\/div><\/div><\/div>\n        <\/div>\n    <\/article><article class=\"eael-grid-post eael-post-grid-column\" data-id=\"3904\">\n        <div class=\"eael-grid-post-holder\">\n            <div class=\"eael-grid-post-holder-inner\"><div class=\"eael-entry-media\"><div class=\"eael-entry-overlay fade-in\"><i class=\"\" aria-hidden=\"true\"><\/i><a href=\"https:\/\/rgminer.com.br\/site\/ciclo-de-conversas-com-as-comunidades\/\"><\/a><\/div><div class=\"eael-entry-thumbnail eael-image-ratio\">\n                                <img decoding=\"async\" width=\"1297\" height=\"729\" src=\"https:\/\/rgminer.com.br\/site\/wp-content\/uploads\/2025\/07\/09.10.2014_Apresentacao-a-comunidade-do-Tesoureiro_4.jpg\" class=\"attachment-full size-full wp-image-3911\" alt=\"\" srcset=\"https:\/\/rgminer.com.br\/site\/wp-content\/uploads\/2025\/07\/09.10.2014_Apresentacao-a-comunidade-do-Tesoureiro_4.jpg 1297w, https:\/\/rgminer.com.br\/site\/wp-content\/uploads\/2025\/07\/09.10.2014_Apresentacao-a-comunidade-do-Tesoureiro_4-300x169.jpg 300w, https:\/\/rgminer.com.br\/site\/wp-content\/uploads\/2025\/07\/09.10.2014_Apresentacao-a-comunidade-do-Tesoureiro_4-1024x576.jpg 1024w, https:\/\/rgminer.com.br\/site\/wp-content\/uploads\/2025\/07\/09.10.2014_Apresentacao-a-comunidade-do-Tesoureiro_4-768x432.jpg 768w\" sizes=\"(max-width: 1297px) 100vw, 1297px\" \/>\n                              <\/div>\n                      <\/div><div class=\"eael-entry-wrapper\"><header class=\"eael-entry-header\"><h2 class=\"eael-entry-title\"><a class=\"eael-grid-post-link\" href=\"https:\/\/rgminer.com.br\/site\/ciclo-de-conversas-com-as-comunidades\/\" title=\"Ciclo de Conversas com as Comunidades\">Ciclo de Conversas com as Comunidades<\/a><\/h2><\/header><div class=\"eael-entry-content\">\n                                    <div class=\"eael-grid-post-excerpt\"><p>O di\u00e1logo com a comunidade sempre foi prioridade.<\/p><\/div>\n                                <\/div><div class=\"eael-entry-header-after style-two\"><div class=\"eael-entry-meta\"><span class=\"eael-meta-posted-on\"><i class=\"far fa-clock\"><\/i><time datetime=\"julho 8, 2025\">julho 8, 2025<\/time><\/span><\/div><\/div><\/div><\/div>\n        <\/div>\n    <\/article><article class=\"eael-grid-post eael-post-grid-column\" data-id=\"3902\">\n        <div class=\"eael-grid-post-holder\">\n            <div class=\"eael-grid-post-holder-inner\"><div class=\"eael-entry-media\"><div class=\"eael-entry-overlay fade-in\"><i class=\"\" aria-hidden=\"true\"><\/i><a href=\"https:\/\/rgminer.com.br\/site\/uma-historia-que-se-constroi-com-responsabilidade-e-compromisso-com-o-futuro\/\"><\/a><\/div><div class=\"eael-entry-thumbnail eael-image-ratio\">\n                                <img loading=\"lazy\" decoding=\"async\" width=\"1536\" height=\"2048\" src=\"https:\/\/rgminer.com.br\/site\/wp-content\/uploads\/2025\/07\/FullSizeRender-6.jpeg\" class=\"attachment-full size-full wp-image-3930\" alt=\"\" srcset=\"https:\/\/rgminer.com.br\/site\/wp-content\/uploads\/2025\/07\/FullSizeRender-6.jpeg 1536w, https:\/\/rgminer.com.br\/site\/wp-content\/uploads\/2025\/07\/FullSizeRender-6-225x300.jpeg 225w, https:\/\/rgminer.com.br\/site\/wp-content\/uploads\/2025\/07\/FullSizeRender-6-768x1024.jpeg 768w, https:\/\/rgminer.com.br\/site\/wp-content\/uploads\/2025\/07\/FullSizeRender-6-1152x1536.jpeg 1152w\" sizes=\"(max-width: 1536px) 100vw, 1536px\" \/>\n                              <\/div>\n                      <\/div><div class=\"eael-entry-wrapper\"><header class=\"eael-entry-header\"><h2 class=\"eael-entry-title\"><a class=\"eael-grid-post-link\" href=\"https:\/\/rgminer.com.br\/site\/uma-historia-que-se-constroi-com-responsabilidade-e-compromisso-com-o-futuro\/\" title=\"Uma hist\u00f3ria que se constr\u00f3i com responsabilidade e compromisso com o futuro\">Uma hist\u00f3ria que se constr\u00f3i com responsabilidade e compromisso com o futuro<\/a><\/h2><\/header><div class=\"eael-entry-content\">\n                                    <div class=\"eael-grid-post-excerpt\"><p>Uma hist\u00f3ria constru\u00edda com escuta, responsabilidade e compromisso com o futuro.<\/p><\/div>\n                                <\/div><div class=\"eael-entry-header-after style-two\"><div class=\"eael-entry-meta\"><span class=\"eael-meta-posted-on\"><i class=\"far fa-clock\"><\/i><time datetime=\"julho 8, 2025\">julho 8, 2025<\/time><\/span><\/div><\/div><\/div><\/div>\n        <\/div>\n    <\/article><\/div>\n            <div class=\"clearfix\"><\/div>\n        <\/div>\t\t\t\t<\/div>\n\t\t\t\t<\/div>\n\t\t\t\t<\/div>\n\t\t\t\t<\/div>\n\t\t","protected":false},"excerpt":{"rendered":"<p>Not\u00edcias Ajuda humanit\u00e1ria: solidariedade em tempos de urg\u00eancia Compromisso com as pessoas que fazem parte da hist\u00f3ria e do futuro&#8230; julho 10, 2025 A\u00e7\u00f5es estruturantes ampliam o di\u00e1logo Foco no di\u00e1logo com quem vive em S\u00e3o Jos\u00e9 do Norte. julho 10, 2025 Ciclo de Conversas com as Comunidades O di\u00e1logo com a comunidade sempre foi [&hellip;]<\/p>\n","protected":false},"author":1,"featured_media":0,"parent":0,"menu_order":0,"comment_status":"closed","ping_status":"closed","template":"","meta":{"footnotes":""},"class_list":["post-2080","page","type-page","status-publish","hentry"],"_links":{"self":[{"href":"https:\/\/rgminer.com.br\/site\/wp-json\/wp\/v2\/pages\/2080","targetHints":{"allow":["GET"]}}],"collection":[{"href":"https:\/\/rgminer.com.br\/site\/wp-json\/wp\/v2\/pages"}],"about":[{"href":"https:\/\/rgminer.com.br\/site\/wp-json\/wp\/v2\/types\/page"}],"author":[{"embeddable":true,"href":"https:\/\/rgminer.com.br\/site\/wp-json\/wp\/v2\/users\/1"}],"replies":[{"embeddable":true,"href":"https:\/\/rgminer.com.br\/site\/wp-json\/wp\/v2\/comments?post=2080"}],"version-history":[{"count":39,"href":"https:\/\/rgminer.com.br\/site\/wp-json\/wp\/v2\/pages\/2080\/revisions"}],"predecessor-version":[{"id":3934,"href":"https:\/\/rgminer.com.br\/site\/wp-json\/wp\/v2\/pages\/2080\/revisions\/3934"}],"wp:attachment":[{"href":"https:\/\/rgminer.com.br\/site\/wp-json\/wp\/v2\/media?parent=2080"}],"curies":[{"name":"wp","href":"https:\/\/api.w.org\/{rel}","templated":true}]}}